{"id":24,"date":"2024-09-22T10:08:47","date_gmt":"2024-09-22T10:08:47","guid":{"rendered":"https:\/\/polatlipedagoji.com\/wp\/?page_id=24"},"modified":"2024-10-16T21:24:22","modified_gmt":"2024-10-16T18:24:22","slug":"blog","status":"publish","type":"page","link":"https:\/\/polatlipedagoji.com\/wp\/blog\/","title":{"rendered":"Blog"},"content":{"rendered":"\t\t<div data-elementor-type=\"wp-page\" data-elementor-id=\"24\" class=\"elementor elementor-24\" data-elementor-post-type=\"page\">\n\t\t\t\t<div class=\"elementor-element elementor-element-27128b0 e-flex e-con-boxed e-con e-parent\" data-id=\"27128b0\" data-element_type=\"container\">\n\t\t\t\t\t<div class=\"e-con-inner\">\n\t\t\t\t<div class=\"elementor-element elementor-element-5458a71 elementor-grid-3 elementor-grid-tablet-2 elementor-grid-mobile-1 elementor-posts--thumbnail-top elementor-card-shadow-yes elementor-posts__hover-gradient elementor-widget elementor-widget-posts\" data-id=\"5458a71\" data-element_type=\"widget\" data-settings=\"{&quot;pagination_type&quot;:&quot;load_more_infinite_scroll&quot;,&quot;cards_columns&quot;:&quot;3&quot;,&quot;cards_columns_tablet&quot;:&quot;2&quot;,&quot;cards_columns_mobile&quot;:&quot;1&quot;,&quot;cards_row_gap&quot;:{&quot;unit&quot;:&quot;px&quot;,&quot;size&quot;:35,&quot;sizes&quot;:[]},&quot;cards_row_gap_tablet&quot;:{&quot;unit&quot;:&quot;px&quot;,&quot;size&quot;:&quot;&quot;,&quot;sizes&quot;:[]},&quot;cards_row_gap_mobile&quot;:{&quot;unit&quot;:&quot;px&quot;,&quot;size&quot;:&quot;&quot;,&quot;sizes&quot;:[]},&quot;load_more_spinner&quot;:{&quot;value&quot;:&quot;fas fa-spinner&quot;,&quot;library&quot;:&quot;fa-solid&quot;}}\" data-widget_type=\"posts.cards\">\n\t\t\t\t<div class=\"elementor-widget-container\">\n\t\t\t\t\t\t\t<div class=\"elementor-posts-container elementor-posts elementor-posts--skin-cards elementor-grid\" role=\"list\">\n\t\t\t\t<article class=\"elementor-post elementor-grid-item post-4025 post type-post status-publish format-standard has-post-thumbnail hentry category-genel\" role=\"listitem\">\n\t\t\t<div class=\"elementor-post__card\">\n\t\t\t\t<a class=\"elementor-post__thumbnail__link\" href=\"https:\/\/polatlipedagoji.com\/wp\/ankara-engelli-ozel-rehabilitasyon-merkezi\/\" tabindex=\"-1\"><div class=\"elementor-post__thumbnail\"><img fetchpriority=\"high\" decoding=\"async\" width=\"800\" height=\"533\" src=\"https:\/\/polatlipedagoji.com\/wp\/wp-content\/uploads\/2025\/01\/engelli-ozel-rehabilitasyon-merkezi-2-1024x682.webp\" class=\"attachment-large size-large wp-image-4026\" alt=\"engelli \u00f6zel rehabilitasyon merkezi\" srcset=\"https:\/\/polatlipedagoji.com\/wp\/wp-content\/uploads\/2025\/01\/engelli-ozel-rehabilitasyon-merkezi-2-1024x682.webp 1024w, https:\/\/polatlipedagoji.com\/wp\/wp-content\/uploads\/2025\/01\/engelli-ozel-rehabilitasyon-merkezi-2-300x200.webp 300w, https:\/\/polatlipedagoji.com\/wp\/wp-content\/uploads\/2025\/01\/engelli-ozel-rehabilitasyon-merkezi-2-768x512.webp 768w, https:\/\/polatlipedagoji.com\/wp\/wp-content\/uploads\/2025\/01\/engelli-ozel-rehabilitasyon-merkezi-2-1536x1024.webp 1536w, https:\/\/polatlipedagoji.com\/wp\/wp-content\/uploads\/2025\/01\/engelli-ozel-rehabilitasyon-merkezi-2.webp 1772w\" sizes=\"(max-width: 800px) 100vw, 800px\" \/><\/div><\/a>\n\t\t\t\t<div class=\"elementor-post__badge\">Genel<\/div>\n\t\t\t\t<div class=\"elementor-post__text\">\n\t\t\t\t<h3 class=\"elementor-post__title\">\n\t\t\t<a href=\"https:\/\/polatlipedagoji.com\/wp\/ankara-engelli-ozel-rehabilitasyon-merkezi\/\">\n\t\t\t\tAnkara Engelli \u00d6zel Rehabilitasyon Merkezi\t\t\t<\/a>\n\t\t<\/h3>\n\t\t\t\t<div class=\"elementor-post__excerpt\">\n\t\t\t<p>Engelli bireyler, toplumsal ya\u015famda aktif rol alabilmeleri i\u00e7in \u00f6zel e\u011fitim ve rehabilitasyon hizmetlerine ihtiya\u00e7 duyarlar. Ankara engelli \u00f6zel rehabilitasyon merkezi se\u00e7enekleri, bireylerin fiziksel, zihinsel ve<\/p>\n\t\t<\/div>\n\t\t\n\t\t<a class=\"elementor-post__read-more\" href=\"https:\/\/polatlipedagoji.com\/wp\/ankara-engelli-ozel-rehabilitasyon-merkezi\/\" aria-label=\"Read more about Ankara Engelli \u00d6zel Rehabilitasyon Merkezi\" tabindex=\"-1\">\n\t\t\tDevam\u0131 \u00bb\t\t<\/a>\n\n\t\t\t\t<\/div>\n\t\t\t\t<div class=\"elementor-post__meta-data\">\n\t\t\t\t\t<span class=\"elementor-post-date\">\n\t\t\tOcak 18, 2025\t\t<\/span>\n\t\t\t\t<span class=\"elementor-post-avatar\">\n\t\t\tYorum yap\u0131lmam\u0131\u015f\t\t<\/span>\n\t\t\t\t<\/div>\n\t\t\t\t\t<\/div>\n\t\t<\/article>\n\t\t\t\t<article class=\"elementor-post elementor-grid-item post-4020 post type-post status-publish format-standard has-post-thumbnail hentry category-genel\" role=\"listitem\">\n\t\t\t<div class=\"elementor-post__card\">\n\t\t\t\t<a class=\"elementor-post__thumbnail__link\" href=\"https:\/\/polatlipedagoji.com\/wp\/ankara-ozel-egitim-merkezi-arayanlar-icin-oneri\/\" tabindex=\"-1\"><div class=\"elementor-post__thumbnail\"><img decoding=\"async\" width=\"800\" height=\"533\" src=\"https:\/\/polatlipedagoji.com\/wp\/wp-content\/uploads\/2024\/12\/Ankara-ozel-egitim-merkezi-arayanlar-1024x682.webp\" class=\"attachment-large size-large wp-image-4021\" alt=\"Ankara \u00f6zel e\u011fitim merkezi arayanlar\" srcset=\"https:\/\/polatlipedagoji.com\/wp\/wp-content\/uploads\/2024\/12\/Ankara-ozel-egitim-merkezi-arayanlar-1024x682.webp 1024w, https:\/\/polatlipedagoji.com\/wp\/wp-content\/uploads\/2024\/12\/Ankara-ozel-egitim-merkezi-arayanlar-300x200.webp 300w, https:\/\/polatlipedagoji.com\/wp\/wp-content\/uploads\/2024\/12\/Ankara-ozel-egitim-merkezi-arayanlar-768x512.webp 768w, https:\/\/polatlipedagoji.com\/wp\/wp-content\/uploads\/2024\/12\/Ankara-ozel-egitim-merkezi-arayanlar-1536x1024.webp 1536w, https:\/\/polatlipedagoji.com\/wp\/wp-content\/uploads\/2024\/12\/Ankara-ozel-egitim-merkezi-arayanlar.webp 1772w\" sizes=\"(max-width: 800px) 100vw, 800px\" \/><\/div><\/a>\n\t\t\t\t<div class=\"elementor-post__badge\">Genel<\/div>\n\t\t\t\t<div class=\"elementor-post__text\">\n\t\t\t\t<h3 class=\"elementor-post__title\">\n\t\t\t<a href=\"https:\/\/polatlipedagoji.com\/wp\/ankara-ozel-egitim-merkezi-arayanlar-icin-oneri\/\">\n\t\t\t\tAnkara \u00d6zel E\u011fitim Merkezi Arayanlar \u0130\u00e7in Do\u011fru Adres!\t\t\t<\/a>\n\t\t<\/h3>\n\t\t\t\t<div class=\"elementor-post__excerpt\">\n\t\t\t<p>Ankara, T\u00fcrkiye\u2019nin en b\u00fcy\u00fck \u015fehirlerinden biri olarak e\u011fitim alan\u0131nda da geni\u015f imkanlar sunmaktad\u0131r. Ancak \u00f6zel e\u011fitime ihtiya\u00e7 duyan \u00e7ocuklar i\u00e7in do\u011fru e\u011fitim merkezini bulmak her<\/p>\n\t\t<\/div>\n\t\t\n\t\t<a class=\"elementor-post__read-more\" href=\"https:\/\/polatlipedagoji.com\/wp\/ankara-ozel-egitim-merkezi-arayanlar-icin-oneri\/\" aria-label=\"Read more about Ankara \u00d6zel E\u011fitim Merkezi Arayanlar \u0130\u00e7in Do\u011fru Adres!\" tabindex=\"-1\">\n\t\t\tDevam\u0131 \u00bb\t\t<\/a>\n\n\t\t\t\t<\/div>\n\t\t\t\t<div class=\"elementor-post__meta-data\">\n\t\t\t\t\t<span class=\"elementor-post-date\">\n\t\t\tAral\u0131k 23, 2024\t\t<\/span>\n\t\t\t\t<span class=\"elementor-post-avatar\">\n\t\t\tYorum yap\u0131lmam\u0131\u015f\t\t<\/span>\n\t\t\t\t<\/div>\n\t\t\t\t\t<\/div>\n\t\t<\/article>\n\t\t\t\t<article class=\"elementor-post elementor-grid-item post-4016 post type-post status-publish format-standard has-post-thumbnail hentry category-genel\" role=\"listitem\">\n\t\t\t<div class=\"elementor-post__card\">\n\t\t\t\t<a class=\"elementor-post__thumbnail__link\" href=\"https:\/\/polatlipedagoji.com\/wp\/ankara-ozel-egitim-engelli-cocuklar\/\" tabindex=\"-1\"><div class=\"elementor-post__thumbnail\"><img decoding=\"async\" width=\"800\" height=\"533\" src=\"https:\/\/polatlipedagoji.com\/wp\/wp-content\/uploads\/2024\/12\/Ankara-Ozel-Egitim-Engelli-Cocuklar-1024x682.webp\" class=\"attachment-large size-large wp-image-4017\" alt=\"Ankara \u00d6zel E\u011fitim Engelli \u00c7ocuklar\" srcset=\"https:\/\/polatlipedagoji.com\/wp\/wp-content\/uploads\/2024\/12\/Ankara-Ozel-Egitim-Engelli-Cocuklar-1024x682.webp 1024w, https:\/\/polatlipedagoji.com\/wp\/wp-content\/uploads\/2024\/12\/Ankara-Ozel-Egitim-Engelli-Cocuklar-300x200.webp 300w, https:\/\/polatlipedagoji.com\/wp\/wp-content\/uploads\/2024\/12\/Ankara-Ozel-Egitim-Engelli-Cocuklar-768x512.webp 768w, https:\/\/polatlipedagoji.com\/wp\/wp-content\/uploads\/2024\/12\/Ankara-Ozel-Egitim-Engelli-Cocuklar-1536x1024.webp 1536w, https:\/\/polatlipedagoji.com\/wp\/wp-content\/uploads\/2024\/12\/Ankara-Ozel-Egitim-Engelli-Cocuklar.webp 1772w\" sizes=\"(max-width: 800px) 100vw, 800px\" \/><\/div><\/a>\n\t\t\t\t<div class=\"elementor-post__badge\">Genel<\/div>\n\t\t\t\t<div class=\"elementor-post__text\">\n\t\t\t\t<h3 class=\"elementor-post__title\">\n\t\t\t<a href=\"https:\/\/polatlipedagoji.com\/wp\/ankara-ozel-egitim-engelli-cocuklar\/\">\n\t\t\t\tAnkara\u2019da \u00d6zel E\u011fitim ve Engelli \u00c7ocuklar\t\t\t<\/a>\n\t\t<\/h3>\n\t\t\t\t<div class=\"elementor-post__excerpt\">\n\t\t\t<p>Ankara \u00f6zel e\u011fitim engelli \u00e7ocuklar i\u00e7in \u00e7e\u015fitli f\u0131rsatlar sunan bir \u015fehirdir ve bu yaz\u0131da bu konuyu detayl\u0131ca ele alaca\u011f\u0131z. Engelli bireylerin e\u011fitimi, toplumsal e\u015fitlik ve<\/p>\n\t\t<\/div>\n\t\t\n\t\t<a class=\"elementor-post__read-more\" href=\"https:\/\/polatlipedagoji.com\/wp\/ankara-ozel-egitim-engelli-cocuklar\/\" aria-label=\"Read more about Ankara\u2019da \u00d6zel E\u011fitim ve Engelli \u00c7ocuklar\" tabindex=\"-1\">\n\t\t\tDevam\u0131 \u00bb\t\t<\/a>\n\n\t\t\t\t<\/div>\n\t\t\t\t<div class=\"elementor-post__meta-data\">\n\t\t\t\t\t<span class=\"elementor-post-date\">\n\t\t\tAral\u0131k 23, 2024\t\t<\/span>\n\t\t\t\t<span class=\"elementor-post-avatar\">\n\t\t\tYorum yap\u0131lmam\u0131\u015f\t\t<\/span>\n\t\t\t\t<\/div>\n\t\t\t\t\t<\/div>\n\t\t<\/article>\n\t\t\t\t<article class=\"elementor-post elementor-grid-item post-4012 post type-post status-publish format-standard has-post-thumbnail hentry category-genel\" role=\"listitem\">\n\t\t\t<div class=\"elementor-post__card\">\n\t\t\t\t<a class=\"elementor-post__thumbnail__link\" href=\"https:\/\/polatlipedagoji.com\/wp\/ankara-ozel-egitim-yontemleri\/\" tabindex=\"-1\"><div class=\"elementor-post__thumbnail\"><img loading=\"lazy\" decoding=\"async\" width=\"800\" height=\"533\" src=\"https:\/\/polatlipedagoji.com\/wp\/wp-content\/uploads\/2024\/12\/Ankara-Ozel-Egitim-Yontemleri-1024x682.webp\" class=\"attachment-large size-large wp-image-4013\" alt=\"Ankara \u00d6zel E\u011fitim Y\u00f6ntemleri\" srcset=\"https:\/\/polatlipedagoji.com\/wp\/wp-content\/uploads\/2024\/12\/Ankara-Ozel-Egitim-Yontemleri-1024x682.webp 1024w, https:\/\/polatlipedagoji.com\/wp\/wp-content\/uploads\/2024\/12\/Ankara-Ozel-Egitim-Yontemleri-300x200.webp 300w, https:\/\/polatlipedagoji.com\/wp\/wp-content\/uploads\/2024\/12\/Ankara-Ozel-Egitim-Yontemleri-768x512.webp 768w, https:\/\/polatlipedagoji.com\/wp\/wp-content\/uploads\/2024\/12\/Ankara-Ozel-Egitim-Yontemleri-1536x1024.webp 1536w, https:\/\/polatlipedagoji.com\/wp\/wp-content\/uploads\/2024\/12\/Ankara-Ozel-Egitim-Yontemleri.webp 1772w\" sizes=\"(max-width: 800px) 100vw, 800px\" \/><\/div><\/a>\n\t\t\t\t<div class=\"elementor-post__badge\">Genel<\/div>\n\t\t\t\t<div class=\"elementor-post__text\">\n\t\t\t\t<h3 class=\"elementor-post__title\">\n\t\t\t<a href=\"https:\/\/polatlipedagoji.com\/wp\/ankara-ozel-egitim-yontemleri\/\">\n\t\t\t\tAnkara \u00d6zel E\u011fitim Y\u00f6ntemleri: \u00c7ocu\u011funuzun Gelece\u011fine Yat\u0131r\u0131m\t\t\t<\/a>\n\t\t<\/h3>\n\t\t\t\t<div class=\"elementor-post__excerpt\">\n\t\t\t<p>Ankara\u2019da \u00e7ocu\u011funuzun bireysel ihtiya\u00e7lar\u0131na uygun bir \u00f6zel e\u011fitim kurumu aray\u0131\u015f\u0131nda m\u0131s\u0131n\u0131z? Ankara \u00f6zel e\u011fitim y\u00f6ntemleri, \u00e7ocuklar\u0131n geli\u015fiminde kritik bir rol oynar ve do\u011fru y\u00f6ntemlerin se\u00e7imi<\/p>\n\t\t<\/div>\n\t\t\n\t\t<a class=\"elementor-post__read-more\" href=\"https:\/\/polatlipedagoji.com\/wp\/ankara-ozel-egitim-yontemleri\/\" aria-label=\"Read more about Ankara \u00d6zel E\u011fitim Y\u00f6ntemleri: \u00c7ocu\u011funuzun Gelece\u011fine Yat\u0131r\u0131m\" tabindex=\"-1\">\n\t\t\tDevam\u0131 \u00bb\t\t<\/a>\n\n\t\t\t\t<\/div>\n\t\t\t\t<div class=\"elementor-post__meta-data\">\n\t\t\t\t\t<span class=\"elementor-post-date\">\n\t\t\tAral\u0131k 23, 2024\t\t<\/span>\n\t\t\t\t<span class=\"elementor-post-avatar\">\n\t\t\tYorum yap\u0131lmam\u0131\u015f\t\t<\/span>\n\t\t\t\t<\/div>\n\t\t\t\t\t<\/div>\n\t\t<\/article>\n\t\t\t\t<article class=\"elementor-post elementor-grid-item post-4006 post type-post status-publish format-standard has-post-thumbnail hentry category-genel\" role=\"listitem\">\n\t\t\t<div class=\"elementor-post__card\">\n\t\t\t\t<a class=\"elementor-post__thumbnail__link\" href=\"https:\/\/polatlipedagoji.com\/wp\/ankara-ozel-egitim-merkezleri-tavsiyesi\/\" tabindex=\"-1\"><div class=\"elementor-post__thumbnail\"><img loading=\"lazy\" decoding=\"async\" width=\"800\" height=\"533\" src=\"https:\/\/polatlipedagoji.com\/wp\/wp-content\/uploads\/2024\/11\/ankara-ozel-egitim-merkezleri-tavsiyesi-1024x682.webp\" class=\"attachment-large size-large wp-image-4007\" alt=\"ankara \u00f6zel e\u011fitim merkezleri tavsiyesi\" srcset=\"https:\/\/polatlipedagoji.com\/wp\/wp-content\/uploads\/2024\/11\/ankara-ozel-egitim-merkezleri-tavsiyesi-1024x682.webp 1024w, https:\/\/polatlipedagoji.com\/wp\/wp-content\/uploads\/2024\/11\/ankara-ozel-egitim-merkezleri-tavsiyesi-300x200.webp 300w, https:\/\/polatlipedagoji.com\/wp\/wp-content\/uploads\/2024\/11\/ankara-ozel-egitim-merkezleri-tavsiyesi-768x512.webp 768w, https:\/\/polatlipedagoji.com\/wp\/wp-content\/uploads\/2024\/11\/ankara-ozel-egitim-merkezleri-tavsiyesi-1536x1024.webp 1536w, https:\/\/polatlipedagoji.com\/wp\/wp-content\/uploads\/2024\/11\/ankara-ozel-egitim-merkezleri-tavsiyesi.webp 1772w\" sizes=\"(max-width: 800px) 100vw, 800px\" \/><\/div><\/a>\n\t\t\t\t<div class=\"elementor-post__badge\">Genel<\/div>\n\t\t\t\t<div class=\"elementor-post__text\">\n\t\t\t\t<h3 class=\"elementor-post__title\">\n\t\t\t<a href=\"https:\/\/polatlipedagoji.com\/wp\/ankara-ozel-egitim-merkezleri-tavsiyesi\/\">\n\t\t\t\tAnkara \u00d6zel E\u011fitim Merkezleri Tavsiyesi\t\t\t<\/a>\n\t\t<\/h3>\n\t\t\t\t<div class=\"elementor-post__excerpt\">\n\t\t\t<p>Ankara \u00d6zel E\u011fitim Merkezleri tavsiyesi ar\u0131yorsan\u0131z do\u011fru yerdesiniz. Ankara, \u00f6zel e\u011fitime ihtiya\u00e7 duyan bireyler i\u00e7in bir\u00e7ok se\u00e7enek sunmaktad\u0131r. Ankara \u00f6zel e\u011fitim merkezleri en iyi se\u00e7enekler<\/p>\n\t\t<\/div>\n\t\t\n\t\t<a class=\"elementor-post__read-more\" href=\"https:\/\/polatlipedagoji.com\/wp\/ankara-ozel-egitim-merkezleri-tavsiyesi\/\" aria-label=\"Read more about Ankara \u00d6zel E\u011fitim Merkezleri Tavsiyesi\" tabindex=\"-1\">\n\t\t\tDevam\u0131 \u00bb\t\t<\/a>\n\n\t\t\t\t<\/div>\n\t\t\t\t<div class=\"elementor-post__meta-data\">\n\t\t\t\t\t<span class=\"elementor-post-date\">\n\t\t\tKas\u0131m 25, 2024\t\t<\/span>\n\t\t\t\t<span class=\"elementor-post-avatar\">\n\t\t\tYorum yap\u0131lmam\u0131\u015f\t\t<\/span>\n\t\t\t\t<\/div>\n\t\t\t\t\t<\/div>\n\t\t<\/article>\n\t\t\t\t<article class=\"elementor-post elementor-grid-item post-3948 post type-post status-publish format-standard has-post-thumbnail hentry category-genel\" role=\"listitem\">\n\t\t\t<div class=\"elementor-post__card\">\n\t\t\t\t<a class=\"elementor-post__thumbnail__link\" href=\"https:\/\/polatlipedagoji.com\/wp\/en-yakin-sincan-ozel-egitim-merkezi\/\" tabindex=\"-1\"><div class=\"elementor-post__thumbnail\"><img loading=\"lazy\" decoding=\"async\" width=\"800\" height=\"533\" src=\"https:\/\/polatlipedagoji.com\/wp\/wp-content\/uploads\/2024\/10\/en-yakin-sincan-ozel-egitim-merkezi-1024x682.webp\" class=\"attachment-large size-large wp-image-3958\" alt=\"en yak\u0131n sincan \u00f6zel e\u011fitim merkezi\" srcset=\"https:\/\/polatlipedagoji.com\/wp\/wp-content\/uploads\/2024\/10\/en-yakin-sincan-ozel-egitim-merkezi-1024x682.webp 1024w, https:\/\/polatlipedagoji.com\/wp\/wp-content\/uploads\/2024\/10\/en-yakin-sincan-ozel-egitim-merkezi-300x200.webp 300w, https:\/\/polatlipedagoji.com\/wp\/wp-content\/uploads\/2024\/10\/en-yakin-sincan-ozel-egitim-merkezi-768x512.webp 768w, https:\/\/polatlipedagoji.com\/wp\/wp-content\/uploads\/2024\/10\/en-yakin-sincan-ozel-egitim-merkezi-1536x1024.webp 1536w, https:\/\/polatlipedagoji.com\/wp\/wp-content\/uploads\/2024\/10\/en-yakin-sincan-ozel-egitim-merkezi-600x400.webp 600w, https:\/\/polatlipedagoji.com\/wp\/wp-content\/uploads\/2024\/10\/en-yakin-sincan-ozel-egitim-merkezi.webp 1772w\" sizes=\"(max-width: 800px) 100vw, 800px\" \/><\/div><\/a>\n\t\t\t\t<div class=\"elementor-post__badge\">Genel<\/div>\n\t\t\t\t<div class=\"elementor-post__text\">\n\t\t\t\t<h3 class=\"elementor-post__title\">\n\t\t\t<a href=\"https:\/\/polatlipedagoji.com\/wp\/en-yakin-sincan-ozel-egitim-merkezi\/\">\n\t\t\t\tEn Yak\u0131n Sincan \u00d6zel E\u011fitim Merkezleri Neden \u00d6nemlidir?\t\t\t<\/a>\n\t\t<\/h3>\n\t\t\t\t<div class=\"elementor-post__excerpt\">\n\t\t\t<p>Sincan&#8217;da ya\u015fayan aileler i\u00e7in \u00f6zel e\u011fitim gereksinimi olan \u00e7ocuklar ad\u0131na en yak\u0131n Sincan \u00f6zel e\u011fitim merkezleri b\u00fcy\u00fck bir avantaj sunar. \u00c7ocuklar\u0131n e\u011fitim s\u00fcrecinde ihtiya\u00e7 duyduklar\u0131<\/p>\n\t\t<\/div>\n\t\t\n\t\t<a class=\"elementor-post__read-more\" href=\"https:\/\/polatlipedagoji.com\/wp\/en-yakin-sincan-ozel-egitim-merkezi\/\" aria-label=\"Read more about En Yak\u0131n Sincan \u00d6zel E\u011fitim Merkezleri Neden \u00d6nemlidir?\" tabindex=\"-1\">\n\t\t\tDevam\u0131 \u00bb\t\t<\/a>\n\n\t\t\t\t<\/div>\n\t\t\t\t<div class=\"elementor-post__meta-data\">\n\t\t\t\t\t<span class=\"elementor-post-date\">\n\t\t\tEkim 16, 2024\t\t<\/span>\n\t\t\t\t<span class=\"elementor-post-avatar\">\n\t\t\tYorum yap\u0131lmam\u0131\u015f\t\t<\/span>\n\t\t\t\t<\/div>\n\t\t\t\t\t<\/div>\n\t\t<\/article>\n\t\t\t\t<\/div>\n\t\t\t\t\t<span class=\"e-load-more-spinner\">\n\t\t\t\t<svg aria-hidden=\"true\" class=\"e-font-icon-svg e-fas-spinner\" viewBox=\"0 0 512 512\" xmlns=\"http:\/\/www.w3.org\/2000\/svg\"><path d=\"M304 48c0 26.51-21.49 48-48 48s-48-21.49-48-48 21.49-48 48-48 48 21.49 48 48zm-48 368c-26.51 0-48 21.49-48 48s21.49 48 48 48 48-21.49 48-48-21.49-48-48-48zm208-208c-26.51 0-48 21.49-48 48s21.49 48 48 48 48-21.49 48-48-21.49-48-48-48zM96 256c0-26.51-21.49-48-48-48S0 229.49 0 256s21.49 48 48 48 48-21.49 48-48zm12.922 99.078c-26.51 0-48 21.49-48 48s21.49 48 48 48 48-21.49 48-48c0-26.509-21.491-48-48-48zm294.156 0c-26.51 0-48 21.49-48 48s21.49 48 48 48 48-21.49 48-48c0-26.509-21.49-48-48-48zM108.922 60.922c-26.51 0-48 21.49-48 48s21.49 48 48 48 48-21.49 48-48-21.491-48-48-48z\"><\/path><\/svg>\t\t\t<\/span>\n\t\t\n\t\t\t\t<div class=\"e-load-more-anchor\" data-page=\"1\" data-max-page=\"2\" data-next-page=\"https:\/\/polatlipedagoji.com\/wp\/wp-json\/wp\/v2\/pages\/24\/page\/2\/\"><\/div>\n\t\t\t\t<div class=\"e-load-more-message\"><\/div>\n\t\t\t\t\t\t<\/div>\n\t\t\t\t<\/div>\n\t\t\t\t\t<\/div>\n\t\t\t\t<\/div>\n\t\t\t\t<\/div>\n\t\t","protected":false},"excerpt":{"rendered":"","protected":false},"author":2,"featured_media":0,"parent":0,"menu_order":0,"comment_status":"closed","ping_status":"closed","template":"","meta":{"footnotes":""},"class_list":["post-24","page","type-page","status-publish","hentry"],"_links":{"self":[{"href":"https:\/\/polatlipedagoji.com\/wp\/wp-json\/wp\/v2\/pages\/24","targetHints":{"allow":["GET"]}}],"collection":[{"href":"https:\/\/polatlipedagoji.com\/wp\/wp-json\/wp\/v2\/pages"}],"about":[{"href":"https:\/\/polatlipedagoji.com\/wp\/wp-json\/wp\/v2\/types\/page"}],"author":[{"embeddable":true,"href":"https:\/\/polatlipedagoji.com\/wp\/wp-json\/wp\/v2\/users\/2"}],"replies":[{"embeddable":true,"href":"https:\/\/polatlipedagoji.com\/wp\/wp-json\/wp\/v2\/comments?post=24"}],"version-history":[{"count":9,"href":"https:\/\/polatlipedagoji.com\/wp\/wp-json\/wp\/v2\/pages\/24\/revisions"}],"predecessor-version":[{"id":3906,"href":"https:\/\/polatlipedagoji.com\/wp\/wp-json\/wp\/v2\/pages\/24\/revisions\/3906"}],"wp:attachment":[{"href":"https:\/\/polatlipedagoji.com\/wp\/wp-json\/wp\/v2\/media?parent=24"}],"curies":[{"name":"wp","href":"https:\/\/api.w.org\/{rel}","templated":true}]}}